{"id":10,"date":"2025-01-03T18:14:25","date_gmt":"2025-01-03T18:14:25","guid":{"rendered":"https:\/\/prolabo.com.mx\/?page_id=10"},"modified":"2025-01-10T21:29:49","modified_gmt":"2025-01-10T21:29:49","slug":"portafolio","status":"publish","type":"page","link":"https:\/\/prolabo.com.mx\/?page_id=10","title":{"rendered":"Portafolio"},"content":{"rendered":"\n<div class=\"wp-block-cover alignfull\" style=\"min-height:1403px;aspect-ratio:unset;\"><span aria-hidden=\"true\" class=\"wp-block-cover__background has-nv-site-bg-background-color has-background-dim-100 has-background-dim\"><\/span><div class=\"wp-block-cover__inner-container is-layout-flow wp-block-cover-is-layout-flow\">\n<div class=\"wp-block-group\" style=\"padding-right:var(--wp--preset--spacing--30);padding-left:var(--wp--preset--spacing--30)\"><div class=\"wp-block-group__inner-container is-layout-flow wp-block-group-is-layout-flow\">\n<h1 class=\"wp-block-heading has-text-align-left has-neve-text-color-color has-text-color\">Portafolio<\/h1>\n\n\n\n<div class=\"wp-block-columns is-layout-flex wp-container-core-columns-is-layout-9d6595d7 wp-block-columns-is-layout-flex\">\n<div class=\"wp-block-column is-layout-flow wp-block-column-is-layout-flow\">\n<p class=\"has-text-align-center has-neve-link-hover-color-color has-text-color has-link-color wp-elements-53a2b442a3651c10b7b10f552a517b48\"><strong>REACTIVOS Y MATERIALES PARA LABORATORIO CL\u00cdNICO Y HOSPITALES<\/strong><\/p>\n<\/div>\n\n\n\n<div class=\"wp-block-column is-layout-flow wp-block-column-is-layout-flow\">\n<p class=\"has-text-align-center has-neve-link-hover-color-color has-text-color has-link-color wp-elements-c416b64084c0acf547708b251bc130d0\"><strong>TOMA DE MUESTRA Y MATERIALES DE CURACI\u00d3N EN GENERAL<\/strong><\/p>\n<\/div>\n<\/div>\n<\/div><\/div>\n\n\n\n<div class=\"wp-block-columns is-layout-flex wp-container-core-columns-is-layout-9d6595d7 wp-block-columns-is-layout-flex\">\n<div class=\"wp-block-column is-layout-flow wp-block-column-is-layout-flow\">\n<figure class=\"wp-block-table\"><table class=\"has-neve-text-color-color has-text-color has-link-color has-fixed-layout\"><tbody><tr><td>QU\u00cdMICA CL\u00cdNICA<\/td><\/tr><tr><td>HEMATOLOG\u00cdA<\/td><\/tr><tr><td>INMUNOLOG\u00cdA<\/td><\/tr><tr><td>COAGULACI\u00d3N<\/td><\/tr><tr><td>ELECTROLITOS Y GASES<\/td><\/tr><tr><td>HORMONAS Y MARCADORES<\/td><\/tr><tr><td>SEROLOG\u00cdA<\/td><\/tr><tr><td>BANCO DE SANGRE<\/td><\/tr><tr><td>PRUEBAS R\u00c1PIDAS (ANTIDOPING, EMBARAZO, INFECCIOSAS, ETC) <\/td><\/tr><tr><td>TIRAS<\/td><\/tr><tr><td>PRUEBAS COVID<\/td><\/tr><tr><td>PRUEBAS INFLUENZA<\/td><\/tr><tr><td>MICROBIOLOG\u00cdA<\/td><\/tr><tr><td>INSUMOS E INSTRUMENTAL M\u00c9DICO Y HOSPITALARIO<\/td><\/tr><tr><td>ETC<\/td><\/tr><\/tbody><\/table><\/figure>\n<\/div>\n\n\n\n<div class=\"wp-block-column is-layout-flow wp-block-column-is-layout-flow\">\n<figure class=\"wp-block-table\"><table class=\"has-neve-text-color-color has-text-color has-link-color has-fixed-layout\"><tbody><tr><td>TUBOS Y AGUJAS<\/td><\/tr><tr><td>JERINGAS<\/td><\/tr><tr><td>TORUNDAS, GASAS, ALGOD\u00d3N, CURITAS<\/td><\/tr><tr><td>GUANTES DE LATEX Y NITRILO<\/td><\/tr><tr><td>CUBREBOCAS, GORROS<\/td><\/tr><tr><td>RECOLECTORES DE MUESTRA<\/td><\/tr><tr><td>ROPA DESECHABLE<\/td><\/tr><tr><td>CUBREBOCAS, GORROS<\/td><\/tr><tr><td>BISTURIS<\/td><\/tr><tr><td>ETC<\/td><\/tr><\/tbody><\/table><\/figure>\n<\/div>\n<\/div>\n\n\n\n<div class=\"wp-block-columns is-layout-flex wp-container-core-columns-is-layout-9d6595d7 wp-block-columns-is-layout-flex\">\n<div class=\"wp-block-column is-layout-flow wp-block-column-is-layout-flow\">\n<p class=\"has-text-align-center has-neve-link-hover-color-color has-text-color has-link-color wp-elements-154e8ec4e85bf1f10ee5c82e40fa0b67\"><strong>EQUIPO Y MOBILIARIO EN GENERAL PARA LABORATORIO<\/strong><\/p>\n<\/div>\n\n\n\n<div class=\"wp-block-column is-layout-flow wp-block-column-is-layout-flow\">\n<p class=\"has-text-align-center has-neve-link-hover-color-color has-text-color has-link-color wp-elements-66a5edaaecfd2d0a39e3174e497862e9\"><strong>REACTIVOS Y MATERIALES DE LABORATORIO EN GENERAL<\/strong><\/p>\n<\/div>\n<\/div>\n\n\n\n<div class=\"wp-block-columns is-layout-flex wp-container-core-columns-is-layout-9d6595d7 wp-block-columns-is-layout-flex\">\n<div class=\"wp-block-column is-layout-flow wp-block-column-is-layout-flow\">\n<figure class=\"wp-block-table is-style-regular\"><table class=\"has-neve-text-color-color has-text-color has-link-color has-fixed-layout\"><tbody><tr><td>CENTRIFUGAS Y MICROCENTRIFUGAS<\/td><\/tr><tr><td>BALANZAS<\/td><\/tr><tr><td>AGITADORES\/MEZCLADORES<\/td><\/tr><tr><td>MICROSCOPIOS<\/td><\/tr><tr><td>HORNOS<\/td><\/tr><tr><td>INCUBADORAS<\/td><\/tr><tr><td>BA\u00d1OS MAR\u00cdA Y BA\u00d1OS SECOS<\/td><\/tr><tr><td>TERMOCICLADORES<\/td><\/tr><tr><td>AUTOCLAVES<\/td><\/tr><tr><td>MUFLAS<\/td><\/tr><tr><td>VISCOS\u00cdMETROS<\/td><\/tr><tr><td>REFRACT\u00d3METROS<\/td><\/tr><tr><td>BOMBAS DE VACIO<\/td><\/tr><tr><td>CAMPANAS<\/td><\/tr><tr><td>REFRIGERADORES<\/td><\/tr><tr><td>CONGELADORES<\/td><\/tr><tr><td>ULTRA CONGELADORES<\/td><\/tr><tr><td>ETC<\/td><\/tr><\/tbody><\/table><\/figure>\n<\/div>\n\n\n\n<div class=\"wp-block-column is-layout-flow wp-block-column-is-layout-flow\">\n<figure class=\"wp-block-table\"><table class=\"has-neve-text-color-color has-text-color has-link-color has-fixed-layout\"><tbody><tr><td>REACTIVOS DE ALTA PUREZA<\/td><\/tr><tr><td>EST\u00c1NDARES<\/td><\/tr><tr><td>HPLC<\/td><\/tr><tr><td>\u00c1CIDOS<\/td><\/tr><tr><td>SALES<\/td><\/tr><tr><td>SOLVENTES<\/td><\/tr><tr><td>COLORANTES<\/td><\/tr><tr><td>MEDIOS DE CULTIVO<\/td><\/tr><tr><td>INGREDIENTES PARA MICROBIOLOG\u00cdA<\/td><\/tr><tr><td>PRUEBAS DE BIOCIENCIAS<\/td><\/tr><tr><td>VIDRIER\u00cdA EN GENERAL<\/td><\/tr><tr><td>MATERIAL DE PL\u00c1STICO<\/td><\/tr><tr><td>PIPETAS AUTOMATICAS<\/td><\/tr><tr><td>FERRETERIA EN GENERAL<\/td><\/tr><tr><td>CONSUMIBLES EN GENERAL<\/td><\/tr><tr><td>EQUIPO DE SEGURIDAD<\/td><\/tr><tr><td>ETC<\/td><\/tr><\/tbody><\/table><\/figure>\n<\/div>\n<\/div>\n<\/div><\/div>\n\n\n\n<div class=\"wp-block-cover alignfull\"><span aria-hidden=\"true\" class=\"wp-block-cover__background has-nv-site-bg-background-color has-background-dim-100 has-background-dim\"><\/span><div class=\"wp-block-cover__inner-container is-layout-flow wp-block-cover-is-layout-flow\">\n<div style=\"height:80px\" aria-hidden=\"true\" class=\"wp-block-spacer\"><\/div>\n\n\n\n<div class=\"wp-block-columns are-vertically-aligned-center is-layout-flex wp-container-core-columns-is-layout-9d6595d7 wp-block-columns-is-layout-flex\">\n<div class=\"wp-block-column is-vertically-aligned-center is-layout-flow wp-block-column-is-layout-flow\" style=\"padding-right:var(--wp--preset--spacing--30);padding-left:var(--wp--preset--spacing--30);flex-basis:50%\">\n<div style=\"height:20px\" aria-hidden=\"true\" class=\"wp-block-spacer\"><\/div>\n\n\n\n<h2 class=\"wp-block-heading has-text-align-left has-neve-text-color-color has-text-color\">Somos tu mejor opci\u00f3n<\/h2>\n\n\n\n<p class=\"has-text-align-left has-neve-text-color-color has-text-color\">En&nbsp;<em>Prolabo<\/em>, nos comprometemos a ser m\u00e1s que un proveedor. Nos esforzamos por ser un socio estrat\u00e9gico para tu negocio, ofreciendo no solo productos, sino tambi\u00e9n soporte t\u00e9cnico y un servicio al cliente de excelencia.<\/p>\n\n\n\n<div class=\"wp-block-buttons has-custom-font-size has-small-font-size is-content-justification-left is-layout-flex wp-container-core-buttons-is-layout-fdcfc74e wp-block-buttons-is-layout-flex\">\n<div class=\"wp-block-button has-custom-font-size is-style-default\" style=\"font-size:16px\"><a class=\"wp-block-button__link has-nv-text-dark-bg-color has-neve-link-color-background-color has-text-color has-background has-link-color wp-element-button\" href=\"https:\/\/prolabo.com.mx\/?page_id=9\">Cont\u00e1ctanos<\/a><\/div>\n<\/div>\n<\/div>\n\n\n\n<div class=\"wp-block-column is-vertically-aligned-center is-layout-flow wp-block-column-is-layout-flow\" style=\"padding-right:var(--wp--preset--spacing--30);padding-left:var(--wp--preset--spacing--30);flex-basis:50%\">\n<figure class=\"wp-block-image size-full has-custom-border is-style-default\"><img loading=\"lazy\" decoding=\"async\" width=\"1707\" height=\"2560\" src=\"https:\/\/prolabo.com.mx\/wp-content\/uploads\/2025\/01\/biochemistry-doctor-analyzing-virus-infection-developing-pharmaceutical-treatment-scaled.jpg\" alt=\"\" class=\"wp-image-83\" style=\"border-radius:16px\" srcset=\"https:\/\/prolabo.com.mx\/wp-content\/uploads\/2025\/01\/biochemistry-doctor-analyzing-virus-infection-developing-pharmaceutical-treatment-scaled.jpg 1707w, https:\/\/prolabo.com.mx\/wp-content\/uploads\/2025\/01\/biochemistry-doctor-analyzing-virus-infection-developing-pharmaceutical-treatment-200x300.jpg 200w, https:\/\/prolabo.com.mx\/wp-content\/uploads\/2025\/01\/biochemistry-doctor-analyzing-virus-infection-developing-pharmaceutical-treatment-683x1024.jpg 683w, https:\/\/prolabo.com.mx\/wp-content\/uploads\/2025\/01\/biochemistry-doctor-analyzing-virus-infection-developing-pharmaceutical-treatment-768x1152.jpg 768w, https:\/\/prolabo.com.mx\/wp-content\/uploads\/2025\/01\/biochemistry-doctor-analyzing-virus-infection-developing-pharmaceutical-treatment-1024x1536.jpg 1024w, https:\/\/prolabo.com.mx\/wp-content\/uploads\/2025\/01\/biochemistry-doctor-analyzing-virus-infection-developing-pharmaceutical-treatment-1365x2048.jpg 1365w\" sizes=\"auto, (max-width: 1707px) 100vw, 1707px\" \/><figcaption class=\"wp-element-caption\">Biochemistry doctor analyzing virus infection developing pharmaceutical treatment discovering medical expertise. Specialist researcher working in microbiology laboratory using hospital high tech<\/figcaption><\/figure>\n<\/div>\n<\/div>\n\n\n\n<div style=\"height:50px\" aria-hidden=\"true\" class=\"wp-block-spacer\"><\/div>\n<\/div><\/div>\n\n\n\n<div class=\"wp-block-cover alignfull\" style=\"padding-right:0;padding-left:0;min-height:300px;aspect-ratio:unset;\"><span aria-hidden=\"true\" class=\"wp-block-cover__background has-nv-dark-bg-background-color has-background-dim-100 has-background-dim\"><\/span><div class=\"wp-block-cover__inner-container is-layout-flow wp-block-cover-is-layout-flow\">\n<div class=\"wp-block-columns is-layout-flex wp-container-core-columns-is-layout-9d6595d7 wp-block-columns-is-layout-flex\">\n<div class=\"wp-block-column is-layout-flow wp-block-column-is-layout-flow\" style=\"flex-basis:20%\"><\/div>\n\n\n\n<div class=\"wp-block-column is-layout-flow wp-block-column-is-layout-flow\" style=\"flex-basis:60%\">\n<p class=\"has-text-align-center has-nv-site-bg-color has-text-color has-link-color has-medium-font-size wp-elements-825f53c4b7edc82db45d68c941a5c501\"><em><strong>Nuestro equipo de expertos est\u00e1 disponible para brindar asesoramiento t\u00e9cnico y ayudar a encontrar la soluci\u00f3n m\u00e1s adecuada para tus necesidade<\/strong><\/em>s.<\/p>\n<\/div>\n\n\n\n<div class=\"wp-block-column is-layout-flow wp-block-column-is-layout-flow\" style=\"flex-basis:20%\"><\/div>\n<\/div>\n<\/div><\/div>\n\n\n\n<div class=\"wp-block-cover alignfull\" style=\"min-height:600px;aspect-ratio:unset;\"><span aria-hidden=\"true\" class=\"wp-block-cover__background has-nv-site-bg-background-color has-background-dim-100 has-background-dim\"><\/span><div class=\"wp-block-cover__inner-container is-layout-flow wp-block-cover-is-layout-flow\">\n<div class=\"wp-block-group\"><div class=\"wp-block-group__inner-container is-layout-flow wp-block-group-is-layout-flow\">\n<div style=\"height:80px\" aria-hidden=\"true\" class=\"wp-block-spacer\"><\/div>\n\n\n\n<div class=\"wp-block-columns are-vertically-aligned-center is-layout-flex wp-container-core-columns-is-layout-9d6595d7 wp-block-columns-is-layout-flex\">\n<div class=\"wp-block-column is-layout-flow wp-block-column-is-layout-flow\">\n<figure class=\"wp-block-gallery has-nested-images columns-default is-cropped wp-block-gallery-1 is-layout-flex wp-block-gallery-is-layout-flex\">\n<figure class=\"wp-block-image size-large\"><img loading=\"lazy\" decoding=\"async\" width=\"1024\" height=\"683\" data-id=\"87\" src=\"https:\/\/prolabo.com.mx\/wp-content\/uploads\/2025\/01\/young-woman-medical-researcher-looking-through-microscop-slide-life-science-1-1024x683.jpg\" alt=\"\" class=\"wp-image-87\" srcset=\"https:\/\/prolabo.com.mx\/wp-content\/uploads\/2025\/01\/young-woman-medical-researcher-looking-through-microscop-slide-life-science-1-1024x683.jpg 1024w, https:\/\/prolabo.com.mx\/wp-content\/uploads\/2025\/01\/young-woman-medical-researcher-looking-through-microscop-slide-life-science-1-300x200.jpg 300w, https:\/\/prolabo.com.mx\/wp-content\/uploads\/2025\/01\/young-woman-medical-researcher-looking-through-microscop-slide-life-science-1-768x512.jpg 768w, https:\/\/prolabo.com.mx\/wp-content\/uploads\/2025\/01\/young-woman-medical-researcher-looking-through-microscop-slide-life-science-1-1536x1024.jpg 1536w, https:\/\/prolabo.com.mx\/wp-content\/uploads\/2025\/01\/young-woman-medical-researcher-looking-through-microscop-slide-life-science-1-2048x1365.jpg 2048w, https:\/\/prolabo.com.mx\/wp-content\/uploads\/2025\/01\/young-woman-medical-researcher-looking-through-microscop-slide-life-science-1-930x620.jpg 930w\" sizes=\"auto, (max-width: 1024px) 100vw, 1024px\" \/><\/figure>\n\n\n\n<figure class=\"wp-block-image size-large\"><img loading=\"lazy\" decoding=\"async\" width=\"1024\" height=\"683\" data-id=\"86\" src=\"https:\/\/prolabo.com.mx\/wp-content\/uploads\/2025\/01\/tubos-de-ensayo-de-colores-en-laboratorio-clinico-de-quimica-1024x683.jpg\" alt=\"\" class=\"wp-image-86\" srcset=\"https:\/\/prolabo.com.mx\/wp-content\/uploads\/2025\/01\/tubos-de-ensayo-de-colores-en-laboratorio-clinico-de-quimica-1024x683.jpg 1024w, https:\/\/prolabo.com.mx\/wp-content\/uploads\/2025\/01\/tubos-de-ensayo-de-colores-en-laboratorio-clinico-de-quimica-300x200.jpg 300w, https:\/\/prolabo.com.mx\/wp-content\/uploads\/2025\/01\/tubos-de-ensayo-de-colores-en-laboratorio-clinico-de-quimica-768x512.jpg 768w, https:\/\/prolabo.com.mx\/wp-content\/uploads\/2025\/01\/tubos-de-ensayo-de-colores-en-laboratorio-clinico-de-quimica-1536x1024.jpg 1536w, https:\/\/prolabo.com.mx\/wp-content\/uploads\/2025\/01\/tubos-de-ensayo-de-colores-en-laboratorio-clinico-de-quimica-930x620.jpg 930w, https:\/\/prolabo.com.mx\/wp-content\/uploads\/2025\/01\/tubos-de-ensayo-de-colores-en-laboratorio-clinico-de-quimica.jpg 1600w\" sizes=\"auto, (max-width: 1024px) 100vw, 1024px\" \/><\/figure>\n\n\n\n<figure class=\"wp-block-image size-large\"><img loading=\"lazy\" decoding=\"async\" width=\"1024\" height=\"492\" data-id=\"84\" src=\"https:\/\/prolabo.com.mx\/wp-content\/uploads\/2025\/01\/reactivos-de-laboratorio.jpg-1024x492.webp\" alt=\"\" class=\"wp-image-84\" srcset=\"https:\/\/prolabo.com.mx\/wp-content\/uploads\/2025\/01\/reactivos-de-laboratorio.jpg-1024x492.webp 1024w, https:\/\/prolabo.com.mx\/wp-content\/uploads\/2025\/01\/reactivos-de-laboratorio.jpg-300x144.webp 300w, https:\/\/prolabo.com.mx\/wp-content\/uploads\/2025\/01\/reactivos-de-laboratorio.jpg-768x369.webp 768w, https:\/\/prolabo.com.mx\/wp-content\/uploads\/2025\/01\/reactivos-de-laboratorio.jpg.webp 1382w\" sizes=\"auto, (max-width: 1024px) 100vw, 1024px\" \/><\/figure>\n\n\n\n<figure class=\"wp-block-image size-large\"><img loading=\"lazy\" decoding=\"async\" width=\"1024\" height=\"534\" data-id=\"85\" src=\"https:\/\/prolabo.com.mx\/wp-content\/uploads\/2025\/01\/Los-4-tipos-de-costos-de-calidad-1300x678_comp-1024x534.jpg\" alt=\"\" class=\"wp-image-85\" srcset=\"https:\/\/prolabo.com.mx\/wp-content\/uploads\/2025\/01\/Los-4-tipos-de-costos-de-calidad-1300x678_comp-1024x534.jpg 1024w, https:\/\/prolabo.com.mx\/wp-content\/uploads\/2025\/01\/Los-4-tipos-de-costos-de-calidad-1300x678_comp-300x156.jpg 300w, https:\/\/prolabo.com.mx\/wp-content\/uploads\/2025\/01\/Los-4-tipos-de-costos-de-calidad-1300x678_comp-768x401.jpg 768w, https:\/\/prolabo.com.mx\/wp-content\/uploads\/2025\/01\/Los-4-tipos-de-costos-de-calidad-1300x678_comp.jpg 1300w\" sizes=\"auto, (max-width: 1024px) 100vw, 1024px\" \/><\/figure>\n<\/figure>\n<\/div>\n<\/div>\n\n\n\n<div style=\"height:40px\" aria-hidden=\"true\" class=\"wp-block-spacer\"><\/div>\n<\/div><\/div>\n<\/div><\/div>\n\n\n\n<div class=\"wp-block-cover alignfull\" style=\"min-height:300px;aspect-ratio:unset;\"><span aria-hidden=\"true\" class=\"wp-block-cover__background has-neve-link-color-background-color has-background-dim-100 has-background-dim\"><\/span><div class=\"wp-block-cover__inner-container is-layout-flow wp-block-cover-is-layout-flow\">\n<div style=\"height:140px\" aria-hidden=\"true\" class=\"wp-block-spacer\"><\/div>\n\n\n\n<div class=\"wp-block-columns is-layout-flex wp-container-core-columns-is-layout-9d6595d7 wp-block-columns-is-layout-flex\">\n<div class=\"wp-block-column is-layout-flow wp-block-column-is-layout-flow\" style=\"flex-basis:20%\"><\/div>\n\n\n\n<div class=\"wp-block-column is-layout-flow wp-block-column-is-layout-flow\" style=\"flex-basis:60%\">\n<div class=\"wp-block-group\"><div class=\"wp-block-group__inner-container is-layout-constrained wp-block-group-is-layout-constrained\">\n<h2 class=\"wp-block-heading has-text-align-center has-nv-text-dark-bg-color has-text-color\">Encuentra la confianza y el respaldo que tu industria necesita para seguir creciendo<\/h2>\n\n\n\n<p class=\"has-text-align-center has-nv-text-dark-bg-color has-text-color has-link-color wp-elements-79c5753ac4de642cb1ed30d0c25bdb19\">\u00a1Descubre todo lo que podemos hacer por ti!<\/p>\n\n\n\n<div class=\"wp-block-buttons is-horizontal is-content-justification-center is-layout-flex wp-container-core-buttons-is-layout-499968f5 wp-block-buttons-is-layout-flex\">\n<div class=\"wp-block-button is-style-primary\"><a class=\"wp-block-button__link has-neve-link-color-color has-text-color has-background has-link-color wp-element-button\" href=\"https:\/\/prolabo.com.mx\/?page_id=9\" style=\"background-color:#ffffff\">Cont\u00e1ctanos<\/a><\/div>\n<\/div>\n<\/div><\/div>\n<\/div>\n\n\n\n<div class=\"wp-block-column is-layout-flow wp-block-column-is-layout-flow\" style=\"flex-basis:20%\"><\/div>\n<\/div>\n\n\n\n<div style=\"height:140px\" aria-hidden=\"true\" class=\"wp-block-spacer\"><\/div>\n<\/div><\/div>\n","protected":false},"excerpt":{"rendered":"","protected":false},"author":1,"featured_media":0,"parent":0,"menu_order":0,"comment_status":"closed","ping_status":"closed","template":"","meta":{"neve_meta_sidebar":"","neve_meta_container":"","neve_meta_enable_content_width":"on","neve_meta_content_width":100,"neve_meta_title_alignment":"","neve_meta_author_avatar":"","neve_post_elements_order":"","neve_meta_disable_header":"","neve_meta_disable_footer":"","neve_meta_disable_title":"on","footnotes":""},"class_list":["post-10","page","type-page","status-publish","hentry"],"_links":{"self":[{"href":"https:\/\/prolabo.com.mx\/index.php?rest_route=\/wp\/v2\/pages\/10","targetHints":{"allow":["GET"]}}],"collection":[{"href":"https:\/\/prolabo.com.mx\/index.php?rest_route=\/wp\/v2\/pages"}],"about":[{"href":"https:\/\/prolabo.com.mx\/index.php?rest_route=\/wp\/v2\/types\/page"}],"author":[{"embeddable":true,"href":"https:\/\/prolabo.com.mx\/index.php?rest_route=\/wp\/v2\/users\/1"}],"replies":[{"embeddable":true,"href":"https:\/\/prolabo.com.mx\/index.php?rest_route=%2Fwp%2Fv2%2Fcomments&post=10"}],"version-history":[{"count":9,"href":"https:\/\/prolabo.com.mx\/index.php?rest_route=\/wp\/v2\/pages\/10\/revisions"}],"predecessor-version":[{"id":182,"href":"https:\/\/prolabo.com.mx\/index.php?rest_route=\/wp\/v2\/pages\/10\/revisions\/182"}],"wp:attachment":[{"href":"https:\/\/prolabo.com.mx\/index.php?rest_route=%2Fwp%2Fv2%2Fmedia&parent=10"}],"curies":[{"name":"wp","href":"https:\/\/api.w.org\/{rel}","templated":true}]}}