{"id":119,"date":"2025-01-07T19:19:05","date_gmt":"2025-01-07T19:19:05","guid":{"rendered":"https:\/\/prolabo.com.mx\/?page_id=119"},"modified":"2025-01-10T19:02:07","modified_gmt":"2025-01-10T19:02:07","slug":"mineria","status":"publish","type":"page","link":"https:\/\/prolabo.com.mx\/?page_id=119","title":{"rendered":"Mineria"},"content":{"rendered":"\n<p class=\"has-text-align-center has-neve-link-hover-color-color has-text-color has-link-color wp-elements-feac97e50ad2edda502929b0690ac677\"><strong>MINERIA<\/strong><\/p>\n\n\n\n<figure class=\"wp-block-gallery has-nested-images columns-default is-cropped wp-block-gallery-1 is-layout-flex wp-block-gallery-is-layout-flex\">\n<figure class=\"wp-block-image size-large\"><img loading=\"lazy\" decoding=\"async\" width=\"1024\" height=\"576\" data-id=\"163\" src=\"https:\/\/prolabo.com.mx\/wp-content\/uploads\/2025\/01\/21-1024x576.png\" alt=\"\" class=\"wp-image-163\" srcset=\"https:\/\/prolabo.com.mx\/wp-content\/uploads\/2025\/01\/21-1024x576.png 1024w, https:\/\/prolabo.com.mx\/wp-content\/uploads\/2025\/01\/21-300x169.png 300w, https:\/\/prolabo.com.mx\/wp-content\/uploads\/2025\/01\/21-768x432.png 768w, https:\/\/prolabo.com.mx\/wp-content\/uploads\/2025\/01\/21-1536x864.png 1536w, https:\/\/prolabo.com.mx\/wp-content\/uploads\/2025\/01\/21.png 1920w\" sizes=\"auto, (max-width: 1024px) 100vw, 1024px\" \/><\/figure>\n\n\n\n<figure class=\"wp-block-image size-large\"><img loading=\"lazy\" decoding=\"async\" width=\"1024\" height=\"576\" data-id=\"174\" src=\"https:\/\/prolabo.com.mx\/wp-content\/uploads\/2025\/01\/22-1024x576.png\" alt=\"\" class=\"wp-image-174\" srcset=\"https:\/\/prolabo.com.mx\/wp-content\/uploads\/2025\/01\/22-1024x576.png 1024w, https:\/\/prolabo.com.mx\/wp-content\/uploads\/2025\/01\/22-300x169.png 300w, https:\/\/prolabo.com.mx\/wp-content\/uploads\/2025\/01\/22-768x432.png 768w, https:\/\/prolabo.com.mx\/wp-content\/uploads\/2025\/01\/22-1536x864.png 1536w, https:\/\/prolabo.com.mx\/wp-content\/uploads\/2025\/01\/22.png 1920w\" sizes=\"auto, (max-width: 1024px) 100vw, 1024px\" \/><\/figure>\n\n\n\n<figure class=\"wp-block-image size-large\"><img loading=\"lazy\" decoding=\"async\" width=\"1024\" height=\"576\" data-id=\"164\" src=\"https:\/\/prolabo.com.mx\/wp-content\/uploads\/2025\/01\/23-1024x576.png\" alt=\"\" class=\"wp-image-164\" srcset=\"https:\/\/prolabo.com.mx\/wp-content\/uploads\/2025\/01\/23-1024x576.png 1024w, https:\/\/prolabo.com.mx\/wp-content\/uploads\/2025\/01\/23-300x169.png 300w, https:\/\/prolabo.com.mx\/wp-content\/uploads\/2025\/01\/23-768x432.png 768w, https:\/\/prolabo.com.mx\/wp-content\/uploads\/2025\/01\/23-1536x864.png 1536w, https:\/\/prolabo.com.mx\/wp-content\/uploads\/2025\/01\/23.png 1920w\" sizes=\"auto, (max-width: 1024px) 100vw, 1024px\" \/><\/figure>\n\n\n\n<figure class=\"wp-block-image size-large\"><img loading=\"lazy\" decoding=\"async\" width=\"1024\" height=\"576\" data-id=\"170\" src=\"https:\/\/prolabo.com.mx\/wp-content\/uploads\/2025\/01\/24-1024x576.png\" alt=\"\" class=\"wp-image-170\" srcset=\"https:\/\/prolabo.com.mx\/wp-content\/uploads\/2025\/01\/24-1024x576.png 1024w, https:\/\/prolabo.com.mx\/wp-content\/uploads\/2025\/01\/24-300x169.png 300w, https:\/\/prolabo.com.mx\/wp-content\/uploads\/2025\/01\/24-768x432.png 768w, https:\/\/prolabo.com.mx\/wp-content\/uploads\/2025\/01\/24-1536x864.png 1536w, https:\/\/prolabo.com.mx\/wp-content\/uploads\/2025\/01\/24.png 1920w\" sizes=\"auto, (max-width: 1024px) 100vw, 1024px\" \/><\/figure>\n\n\n\n<figure class=\"wp-block-image size-large\"><img loading=\"lazy\" decoding=\"async\" width=\"1024\" height=\"576\" data-id=\"165\" src=\"https:\/\/prolabo.com.mx\/wp-content\/uploads\/2025\/01\/25-1024x576.png\" alt=\"\" class=\"wp-image-165\" srcset=\"https:\/\/prolabo.com.mx\/wp-content\/uploads\/2025\/01\/25-1024x576.png 1024w, https:\/\/prolabo.com.mx\/wp-content\/uploads\/2025\/01\/25-300x169.png 300w, https:\/\/prolabo.com.mx\/wp-content\/uploads\/2025\/01\/25-768x432.png 768w, https:\/\/prolabo.com.mx\/wp-content\/uploads\/2025\/01\/25-1536x864.png 1536w, https:\/\/prolabo.com.mx\/wp-content\/uploads\/2025\/01\/25.png 1920w\" sizes=\"auto, (max-width: 1024px) 100vw, 1024px\" \/><\/figure>\n\n\n\n<figure class=\"wp-block-image size-large\"><img loading=\"lazy\" decoding=\"async\" width=\"1024\" height=\"576\" data-id=\"176\" src=\"https:\/\/prolabo.com.mx\/wp-content\/uploads\/2025\/01\/26-1024x576.png\" alt=\"\" class=\"wp-image-176\" srcset=\"https:\/\/prolabo.com.mx\/wp-content\/uploads\/2025\/01\/26-1024x576.png 1024w, https:\/\/prolabo.com.mx\/wp-content\/uploads\/2025\/01\/26-300x169.png 300w, https:\/\/prolabo.com.mx\/wp-content\/uploads\/2025\/01\/26-768x432.png 768w, https:\/\/prolabo.com.mx\/wp-content\/uploads\/2025\/01\/26-1536x864.png 1536w, https:\/\/prolabo.com.mx\/wp-content\/uploads\/2025\/01\/26.png 1920w\" sizes=\"auto, (max-width: 1024px) 100vw, 1024px\" \/><\/figure>\n\n\n\n<figure class=\"wp-block-image size-large\"><img loading=\"lazy\" decoding=\"async\" width=\"1024\" height=\"576\" data-id=\"168\" src=\"https:\/\/prolabo.com.mx\/wp-content\/uploads\/2025\/01\/27-1024x576.png\" alt=\"\" class=\"wp-image-168\" srcset=\"https:\/\/prolabo.com.mx\/wp-content\/uploads\/2025\/01\/27-1024x576.png 1024w, https:\/\/prolabo.com.mx\/wp-content\/uploads\/2025\/01\/27-300x169.png 300w, https:\/\/prolabo.com.mx\/wp-content\/uploads\/2025\/01\/27-768x432.png 768w, https:\/\/prolabo.com.mx\/wp-content\/uploads\/2025\/01\/27-1536x864.png 1536w, https:\/\/prolabo.com.mx\/wp-content\/uploads\/2025\/01\/27.png 1920w\" sizes=\"auto, (max-width: 1024px) 100vw, 1024px\" \/><\/figure>\n\n\n\n<figure class=\"wp-block-image size-large\"><img loading=\"lazy\" decoding=\"async\" width=\"1024\" height=\"576\" data-id=\"167\" src=\"https:\/\/prolabo.com.mx\/wp-content\/uploads\/2025\/01\/28-1024x576.png\" alt=\"\" class=\"wp-image-167\" srcset=\"https:\/\/prolabo.com.mx\/wp-content\/uploads\/2025\/01\/28-1024x576.png 1024w, https:\/\/prolabo.com.mx\/wp-content\/uploads\/2025\/01\/28-300x169.png 300w, https:\/\/prolabo.com.mx\/wp-content\/uploads\/2025\/01\/28-768x432.png 768w, https:\/\/prolabo.com.mx\/wp-content\/uploads\/2025\/01\/28-1536x864.png 1536w, https:\/\/prolabo.com.mx\/wp-content\/uploads\/2025\/01\/28.png 1920w\" sizes=\"auto, (max-width: 1024px) 100vw, 1024px\" \/><\/figure>\n\n\n\n<figure class=\"wp-block-image size-large\"><img loading=\"lazy\" decoding=\"async\" width=\"1024\" height=\"576\" data-id=\"166\" src=\"https:\/\/prolabo.com.mx\/wp-content\/uploads\/2025\/01\/29-1024x576.png\" alt=\"\" class=\"wp-image-166\" srcset=\"https:\/\/prolabo.com.mx\/wp-content\/uploads\/2025\/01\/29-1024x576.png 1024w, https:\/\/prolabo.com.mx\/wp-content\/uploads\/2025\/01\/29-300x169.png 300w, https:\/\/prolabo.com.mx\/wp-content\/uploads\/2025\/01\/29-768x432.png 768w, https:\/\/prolabo.com.mx\/wp-content\/uploads\/2025\/01\/29-1536x864.png 1536w, https:\/\/prolabo.com.mx\/wp-content\/uploads\/2025\/01\/29.png 1920w\" sizes=\"auto, (max-width: 1024px) 100vw, 1024px\" \/><\/figure>\n\n\n\n<figure class=\"wp-block-image size-large\"><img loading=\"lazy\" decoding=\"async\" width=\"1024\" height=\"576\" data-id=\"169\" src=\"https:\/\/prolabo.com.mx\/wp-content\/uploads\/2025\/01\/30-1024x576.png\" alt=\"\" class=\"wp-image-169\" srcset=\"https:\/\/prolabo.com.mx\/wp-content\/uploads\/2025\/01\/30-1024x576.png 1024w, https:\/\/prolabo.com.mx\/wp-content\/uploads\/2025\/01\/30-300x169.png 300w, https:\/\/prolabo.com.mx\/wp-content\/uploads\/2025\/01\/30-768x432.png 768w, https:\/\/prolabo.com.mx\/wp-content\/uploads\/2025\/01\/30-1536x864.png 1536w, https:\/\/prolabo.com.mx\/wp-content\/uploads\/2025\/01\/30.png 1920w\" sizes=\"auto, (max-width: 1024px) 100vw, 1024px\" \/><\/figure>\n\n\n\n<figure class=\"wp-block-image size-large\"><img loading=\"lazy\" decoding=\"async\" width=\"1024\" height=\"576\" data-id=\"171\" src=\"https:\/\/prolabo.com.mx\/wp-content\/uploads\/2025\/01\/17-1024x576.png\" alt=\"\" class=\"wp-image-171\" srcset=\"https:\/\/prolabo.com.mx\/wp-content\/uploads\/2025\/01\/17-1024x576.png 1024w, https:\/\/prolabo.com.mx\/wp-content\/uploads\/2025\/01\/17-300x169.png 300w, https:\/\/prolabo.com.mx\/wp-content\/uploads\/2025\/01\/17-768x432.png 768w, https:\/\/prolabo.com.mx\/wp-content\/uploads\/2025\/01\/17-1536x864.png 1536w, https:\/\/prolabo.com.mx\/wp-content\/uploads\/2025\/01\/17.png 1920w\" sizes=\"auto, (max-width: 1024px) 100vw, 1024px\" \/><\/figure>\n\n\n\n<figure class=\"wp-block-image size-large\"><img loading=\"lazy\" decoding=\"async\" width=\"1024\" height=\"576\" data-id=\"172\" src=\"https:\/\/prolabo.com.mx\/wp-content\/uploads\/2025\/01\/18-1024x576.png\" alt=\"\" class=\"wp-image-172\" srcset=\"https:\/\/prolabo.com.mx\/wp-content\/uploads\/2025\/01\/18-1024x576.png 1024w, https:\/\/prolabo.com.mx\/wp-content\/uploads\/2025\/01\/18-300x169.png 300w, https:\/\/prolabo.com.mx\/wp-content\/uploads\/2025\/01\/18-768x432.png 768w, https:\/\/prolabo.com.mx\/wp-content\/uploads\/2025\/01\/18-1536x864.png 1536w, https:\/\/prolabo.com.mx\/wp-content\/uploads\/2025\/01\/18.png 1920w\" sizes=\"auto, (max-width: 1024px) 100vw, 1024px\" \/><\/figure>\n\n\n\n<figure class=\"wp-block-image size-large\"><img loading=\"lazy\" decoding=\"async\" width=\"1024\" height=\"576\" data-id=\"173\" src=\"https:\/\/prolabo.com.mx\/wp-content\/uploads\/2025\/01\/19-1024x576.png\" alt=\"\" class=\"wp-image-173\" srcset=\"https:\/\/prolabo.com.mx\/wp-content\/uploads\/2025\/01\/19-1024x576.png 1024w, https:\/\/prolabo.com.mx\/wp-content\/uploads\/2025\/01\/19-300x169.png 300w, https:\/\/prolabo.com.mx\/wp-content\/uploads\/2025\/01\/19-768x432.png 768w, https:\/\/prolabo.com.mx\/wp-content\/uploads\/2025\/01\/19-1536x864.png 1536w, https:\/\/prolabo.com.mx\/wp-content\/uploads\/2025\/01\/19.png 1920w\" sizes=\"auto, (max-width: 1024px) 100vw, 1024px\" \/><\/figure>\n\n\n\n<figure class=\"wp-block-image size-large\"><img loading=\"lazy\" decoding=\"async\" width=\"1024\" height=\"576\" data-id=\"175\" src=\"https:\/\/prolabo.com.mx\/wp-content\/uploads\/2025\/01\/20-1024x576.png\" alt=\"\" class=\"wp-image-175\" srcset=\"https:\/\/prolabo.com.mx\/wp-content\/uploads\/2025\/01\/20-1024x576.png 1024w, https:\/\/prolabo.com.mx\/wp-content\/uploads\/2025\/01\/20-300x169.png 300w, https:\/\/prolabo.com.mx\/wp-content\/uploads\/2025\/01\/20-768x432.png 768w, https:\/\/prolabo.com.mx\/wp-content\/uploads\/2025\/01\/20-1536x864.png 1536w, https:\/\/prolabo.com.mx\/wp-content\/uploads\/2025\/01\/20.png 1920w\" sizes=\"auto, (max-width: 1024px) 100vw, 1024px\" \/><\/figure>\n<\/figure>\n\n\n\n<p class=\"has-neve-link-hover-color-color has-text-color has-link-color wp-elements-80c9170176cef90ac09fecc834e13cef\"><strong>PREPARACI\u00d3N DE MUESTRAS<\/strong><\/p>\n\n\n\n<figure class=\"wp-block-table\"><table class=\"has-fixed-layout\"><tbody><tr><td>BOLSAS <\/td><td>CARROS<\/td><td>PULVERIZACI\u00d3N<\/td><\/tr><tr><td>SOBRES<\/td><td>CUARTEO<\/td><td>TRITURACI\u00d3N<\/td><\/tr><tr><td>CAJA PARA NUCLEOS<\/td><td><\/td><td><\/td><\/tr><\/tbody><\/table><\/figure>\n\n\n\n<figure class=\"wp-block-image size-large\"><img loading=\"lazy\" decoding=\"async\" width=\"1024\" height=\"241\" src=\"https:\/\/prolabo.com.mx\/wp-content\/uploads\/2025\/01\/Captura-de-pantalla-2025-01-07-a-las-1.11.50\u202fp.m-1024x241.png\" alt=\"\" class=\"wp-image-121\" srcset=\"https:\/\/prolabo.com.mx\/wp-content\/uploads\/2025\/01\/Captura-de-pantalla-2025-01-07-a-las-1.11.50\u202fp.m-1024x241.png 1024w, https:\/\/prolabo.com.mx\/wp-content\/uploads\/2025\/01\/Captura-de-pantalla-2025-01-07-a-las-1.11.50\u202fp.m-300x71.png 300w, https:\/\/prolabo.com.mx\/wp-content\/uploads\/2025\/01\/Captura-de-pantalla-2025-01-07-a-las-1.11.50\u202fp.m-768x181.png 768w, https:\/\/prolabo.com.mx\/wp-content\/uploads\/2025\/01\/Captura-de-pantalla-2025-01-07-a-las-1.11.50\u202fp.m-1536x361.png 1536w, https:\/\/prolabo.com.mx\/wp-content\/uploads\/2025\/01\/Captura-de-pantalla-2025-01-07-a-las-1.11.50\u202fp.m-2048x482.png 2048w\" sizes=\"auto, (max-width: 1024px) 100vw, 1024px\" \/><\/figure>\n\n\n\n<p class=\"has-neve-link-hover-color-color has-text-color has-link-color wp-elements-d76b57ed3424a7c9941f5e6814489a92\"><strong>ENSAYO AL FUEGO<\/strong><\/p>\n\n\n\n<figure class=\"wp-block-table\"><table class=\"has-fixed-layout\"><tbody><tr><td>METALES DE ENSAYO<\/td><td>CRISOLES<\/td><td>ACCESORIOS DE REFINERIA<\/td><\/tr><tr><td>ACCESORIOS DE HORNO<\/td><td>HERRAMIENTAS DE ENSAYO<\/td><td>DISPENSADORES DE FUNDENTE<\/td><\/tr><tr><td>CAMPANAS<\/td><td>ACCESORIOS DE REFINARIA<\/td><td>CRAYONES<\/td><\/tr><tr><td>REACTIVOS DE FLUJO<\/td><td>MOLDES DE COLADO<\/td><td>ESCORIFICADORES<\/td><\/tr><tr><td>COPELAS<\/td><td>HORNOS<\/td><td>MATERIALES DE REFERENCIA<\/td><\/tr><\/tbody><\/table><\/figure>\n\n\n\n<figure class=\"wp-block-image size-large\"><img loading=\"lazy\" decoding=\"async\" width=\"1024\" height=\"231\" src=\"http:\/\/prolabo.com.mx\/wp-content\/uploads\/2025\/01\/Captura-de-pantalla-2025-01-07-a-las-1.11.00\u202fp.m-1024x231.png\" alt=\"\" class=\"wp-image-120\" srcset=\"https:\/\/prolabo.com.mx\/wp-content\/uploads\/2025\/01\/Captura-de-pantalla-2025-01-07-a-las-1.11.00\u202fp.m-1024x231.png 1024w, https:\/\/prolabo.com.mx\/wp-content\/uploads\/2025\/01\/Captura-de-pantalla-2025-01-07-a-las-1.11.00\u202fp.m-300x68.png 300w, https:\/\/prolabo.com.mx\/wp-content\/uploads\/2025\/01\/Captura-de-pantalla-2025-01-07-a-las-1.11.00\u202fp.m-768x173.png 768w, https:\/\/prolabo.com.mx\/wp-content\/uploads\/2025\/01\/Captura-de-pantalla-2025-01-07-a-las-1.11.00\u202fp.m-1536x346.png 1536w, https:\/\/prolabo.com.mx\/wp-content\/uploads\/2025\/01\/Captura-de-pantalla-2025-01-07-a-las-1.11.00\u202fp.m-2048x461.png 2048w\" sizes=\"auto, (max-width: 1024px) 100vw, 1024px\" \/><\/figure>\n\n\n\n<p class=\"has-neve-link-hover-color-color has-text-color has-link-color wp-elements-41e80af4fe745bdc4ba9d28b844da61e\"><strong>LABORATORIO METALURGICO<\/strong><\/p>\n\n\n\n<figure class=\"wp-block-table\"><table class=\"has-fixed-layout\"><tbody><tr><td>FILTRO DE PRENSA<\/td><td>BOMBAS<\/td><td>ACCESORIOS PARA TAMICES<\/td><\/tr><tr><td>MOLINOS<\/td><td>MANIPULACI\u00d3N DE MUESTRA<\/td><td>AGITADORES DE TAMICES<\/td><\/tr><tr><td>MORTEROS Y MANOS DE MORTERO<\/td><td>TAMICES<\/td><td>AGITADORES TANQUES<\/td><\/tr><\/tbody><\/table><\/figure>\n\n\n\n<figure class=\"wp-block-image size-large\"><img loading=\"lazy\" decoding=\"async\" width=\"1024\" height=\"219\" src=\"https:\/\/prolabo.com.mx\/wp-content\/uploads\/2025\/01\/Captura-de-pantalla-2025-01-07-a-las-1.14.27\u202fp.m-1024x219.png\" alt=\"\" class=\"wp-image-122\" srcset=\"https:\/\/prolabo.com.mx\/wp-content\/uploads\/2025\/01\/Captura-de-pantalla-2025-01-07-a-las-1.14.27\u202fp.m-1024x219.png 1024w, https:\/\/prolabo.com.mx\/wp-content\/uploads\/2025\/01\/Captura-de-pantalla-2025-01-07-a-las-1.14.27\u202fp.m-300x64.png 300w, https:\/\/prolabo.com.mx\/wp-content\/uploads\/2025\/01\/Captura-de-pantalla-2025-01-07-a-las-1.14.27\u202fp.m-768x164.png 768w, https:\/\/prolabo.com.mx\/wp-content\/uploads\/2025\/01\/Captura-de-pantalla-2025-01-07-a-las-1.14.27\u202fp.m-1536x329.png 1536w, https:\/\/prolabo.com.mx\/wp-content\/uploads\/2025\/01\/Captura-de-pantalla-2025-01-07-a-las-1.14.27\u202fp.m-2048x438.png 2048w\" sizes=\"auto, (max-width: 1024px) 100vw, 1024px\" \/><\/figure>\n\n\n\n<p class=\"has-neve-link-hover-color-color has-text-color has-link-color wp-elements-2a282bbd5259be0eb267834b984791bb\"><strong>LABORATORIO ANALITICO <\/strong><\/p>\n\n\n\n<figure class=\"wp-block-table\"><table class=\"has-fixed-layout\"><tbody><tr><td>BALANZAS<\/td><td>GARRAFAS<\/td><td>DOSIFICADORES<\/td><td>PLANCHAS DECALENTAMIENTO<\/td><td>TUBOS DE ENSAYO<\/td><\/tr><tr><td>ACCESORIOS PARA BALANZAS<\/td><td>CENTRIFUGAS<\/td><td>HORNOS DE SECADO<\/td><td>MEDIDORES DE PH<\/td><td>TERMOMETROS<\/td><\/tr><tr><td>LAMPARAS<\/td><td>ABRAZADERAS<\/td><td>PAPELES FILTRO<\/td><td>PIPETAS<\/td><td>TITULADORES<\/td><\/tr><tr><td>RECORTE DE LA COPA<\/td><td>FLUORESCENCIA DE RAYOS X<br><\/td><td>MATRACES<\/td><td>ESPATULAS<\/td><td>LIMPIADORE SULTRASONICOS<\/td><\/tr><tr><td>VASOS DE PRECIPITADO<\/td><td>LIMPIADORES COLORIMETROS<\/td><td>PINZAS<\/td><td>ESPECTROFOTOMETROS<\/td><td>BOMBAS DE VACIO LUNAS DE RELOJ<\/td><\/tr><tr><td>BATIDORAS<\/td><td><br>SOPORTES<\/td><td>EMBUDOS<\/td><td>ESTANDARES AA<\/td><td>MANTAS DE CALENTAMIENTO<br><\/td><\/tr><tr><td>BOTELLAS<\/td><td>CORCHOS Y TAPONES CRISOLES<\/td><td>HORNOS<\/td><td>ESTANDARES ICP<\/td><td>PURIFICADORES DE AGUA<\/td><\/tr><tr><td>BROCHAS<\/td><td>PROBETAS<\/td><td>MOBILIARIO<\/td><td>AGITADORES<\/td><td>TOALLITAS<\/td><\/tr><tr><td>BURETAS<\/td><td>DESECADORES<\/td><td><\/td><td><\/td><td><\/td><\/tr><\/tbody><\/table><\/figure>\n\n\n\n<figure class=\"wp-block-image size-large\"><img loading=\"lazy\" decoding=\"async\" width=\"1024\" height=\"210\" src=\"https:\/\/prolabo.com.mx\/wp-content\/uploads\/2025\/01\/Captura-de-pantalla-2025-01-07-a-las-1.15.57\u202fp.m-1024x210.png\" alt=\"\" class=\"wp-image-123\" srcset=\"https:\/\/prolabo.com.mx\/wp-content\/uploads\/2025\/01\/Captura-de-pantalla-2025-01-07-a-las-1.15.57\u202fp.m-1024x210.png 1024w, https:\/\/prolabo.com.mx\/wp-content\/uploads\/2025\/01\/Captura-de-pantalla-2025-01-07-a-las-1.15.57\u202fp.m-300x61.png 300w, https:\/\/prolabo.com.mx\/wp-content\/uploads\/2025\/01\/Captura-de-pantalla-2025-01-07-a-las-1.15.57\u202fp.m-768x157.png 768w, https:\/\/prolabo.com.mx\/wp-content\/uploads\/2025\/01\/Captura-de-pantalla-2025-01-07-a-las-1.15.57\u202fp.m-1536x315.png 1536w, https:\/\/prolabo.com.mx\/wp-content\/uploads\/2025\/01\/Captura-de-pantalla-2025-01-07-a-las-1.15.57\u202fp.m-2048x420.png 2048w\" sizes=\"auto, (max-width: 1024px) 100vw, 1024px\" \/><\/figure>\n\n\n\n<p class=\"has-neve-link-hover-color-color has-text-color has-link-color wp-elements-2ea840ebda12a9f9ce2b78bf43fedf71\"><strong>SEGURIDAD<\/strong><\/p>\n\n\n\n<figure class=\"wp-block-table\"><table class=\"has-fixed-layout\"><tbody><tr><td>DELANTALES<\/td><td>PROTECCI\u00d3N PARA OIDOS<\/td><td>PROTECCI\u00d3N OCULAR<\/td><\/tr><tr><td>LAVADO OCULAR<\/td><td>PROTECCI\u00d3N CONTRA INCENDIOS<\/td><td>PROTECTORES FACIALES<\/td><\/tr><tr><td>PRIMEROS AUXILIOS<\/td><td>GUANTES<\/td><td>RESPIRADORES<\/td><\/tr><tr><td>PROTECCI\u00d3N CONTRA INCENDIOS<\/td><td>CONTROL DE DERRAMES<\/td><td><\/td><\/tr><\/tbody><\/table><\/figure>\n\n\n\n<figure class=\"wp-block-image size-large\"><img loading=\"lazy\" decoding=\"async\" width=\"1024\" height=\"160\" src=\"https:\/\/prolabo.com.mx\/wp-content\/uploads\/2025\/01\/Captura-de-pantalla-2025-01-07-a-las-1.17.11\u202fp.m-1024x160.png\" alt=\"\" class=\"wp-image-124\" srcset=\"https:\/\/prolabo.com.mx\/wp-content\/uploads\/2025\/01\/Captura-de-pantalla-2025-01-07-a-las-1.17.11\u202fp.m-1024x160.png 1024w, https:\/\/prolabo.com.mx\/wp-content\/uploads\/2025\/01\/Captura-de-pantalla-2025-01-07-a-las-1.17.11\u202fp.m-300x47.png 300w, https:\/\/prolabo.com.mx\/wp-content\/uploads\/2025\/01\/Captura-de-pantalla-2025-01-07-a-las-1.17.11\u202fp.m-768x120.png 768w, https:\/\/prolabo.com.mx\/wp-content\/uploads\/2025\/01\/Captura-de-pantalla-2025-01-07-a-las-1.17.11\u202fp.m-1536x240.png 1536w, https:\/\/prolabo.com.mx\/wp-content\/uploads\/2025\/01\/Captura-de-pantalla-2025-01-07-a-las-1.17.11\u202fp.m-2048x320.png 2048w\" sizes=\"auto, (max-width: 1024px) 100vw, 1024px\" \/><\/figure>\n\n\n\n<p class=\"has-neve-link-hover-color-color has-text-color has-link-color wp-elements-1bb3672401f4dabbd113f6b535ebf25f\"><strong>PRODUCTOS QUIMICOS, INGREDIENTES, FUNDENTES<\/strong><\/p>\n\n\n\n<figure class=\"wp-block-table\"><table class=\"has-fixed-layout\"><tbody><tr><td>FUNDENTES<\/td><td>REACTIVOS QU\u00cdMICOS GRADO ANALITICO<\/td><td>LITARGIRIO<\/td><\/tr><tr><td>ESTANDARES<\/td><td>INCUARTES DE PLATA Y PLOMO<\/td><td>BORAX<\/td><\/tr><tr><td>CARBONATO DE SODIO<\/td><td><\/td><td><\/td><\/tr><\/tbody><\/table><\/figure>\n\n\n\n<figure class=\"wp-block-image size-large\"><img loading=\"lazy\" decoding=\"async\" width=\"1024\" height=\"271\" src=\"https:\/\/prolabo.com.mx\/wp-content\/uploads\/2025\/01\/Captura-de-pantalla-2025-01-07-a-las-1.18.34\u202fp.m-1024x271.png\" alt=\"\" class=\"wp-image-125\" srcset=\"https:\/\/prolabo.com.mx\/wp-content\/uploads\/2025\/01\/Captura-de-pantalla-2025-01-07-a-las-1.18.34\u202fp.m-1024x271.png 1024w, https:\/\/prolabo.com.mx\/wp-content\/uploads\/2025\/01\/Captura-de-pantalla-2025-01-07-a-las-1.18.34\u202fp.m-300x79.png 300w, https:\/\/prolabo.com.mx\/wp-content\/uploads\/2025\/01\/Captura-de-pantalla-2025-01-07-a-las-1.18.34\u202fp.m-768x203.png 768w, https:\/\/prolabo.com.mx\/wp-content\/uploads\/2025\/01\/Captura-de-pantalla-2025-01-07-a-las-1.18.34\u202fp.m-1536x406.png 1536w, https:\/\/prolabo.com.mx\/wp-content\/uploads\/2025\/01\/Captura-de-pantalla-2025-01-07-a-las-1.18.34\u202fp.m-2048x542.png 2048w\" sizes=\"auto, (max-width: 1024px) 100vw, 1024px\" \/><\/figure>\n\n\n\n<p><\/p>\n","protected":false},"excerpt":{"rendered":"<p>MINERIA PREPARACI\u00d3N DE MUESTRAS BOLSAS CARROS PULVERIZACI\u00d3N SOBRES CUARTEO TRITURACI\u00d3N CAJA PARA NUCLEOS ENSAYO AL FUEGO METALES DE ENSAYO CRISOLES ACCESORIOS DE REFINERIA ACCESORIOS DE HORNO HERRAMIENTAS DE ENSAYO DISPENSADORES DE FUNDENTE CAMPANAS ACCESORIOS DE REFINARIA CRAYONES REACTIVOS DE FLUJO MOLDES DE COLADO ESCORIFICADORES COPELAS HORNOS MATERIALES DE REFERENCIA LABORATORIO METALURGICO FILTRO DE PRENSA BOMBAS&hellip;&nbsp;<a href=\"https:\/\/prolabo.com.mx\/?page_id=119\" rel=\"bookmark\">Leer m\u00e1s &raquo;<span class=\"screen-reader-text\">Mineria<\/span><\/a><\/p>\n","protected":false},"author":1,"featured_media":0,"parent":0,"menu_order":0,"comment_status":"closed","ping_status":"closed","template":"","meta":{"neve_meta_sidebar":"","neve_meta_container":"","neve_meta_enable_content_width":"","neve_meta_content_width":0,"neve_meta_title_alignment":"","neve_meta_author_avatar":"","neve_post_elements_order":"","neve_meta_disable_header":"","neve_meta_disable_footer":"","neve_meta_disable_title":"","footnotes":""},"class_list":["post-119","page","type-page","status-publish","hentry"],"_links":{"self":[{"href":"https:\/\/prolabo.com.mx\/index.php?rest_route=\/wp\/v2\/pages\/119","targetHints":{"allow":["GET"]}}],"collection":[{"href":"https:\/\/prolabo.com.mx\/index.php?rest_route=\/wp\/v2\/pages"}],"about":[{"href":"https:\/\/prolabo.com.mx\/index.php?rest_route=\/wp\/v2\/types\/page"}],"author":[{"embeddable":true,"href":"https:\/\/prolabo.com.mx\/index.php?rest_route=\/wp\/v2\/users\/1"}],"replies":[{"embeddable":true,"href":"https:\/\/prolabo.com.mx\/index.php?rest_route=%2Fwp%2Fv2%2Fcomments&post=119"}],"version-history":[{"count":3,"href":"https:\/\/prolabo.com.mx\/index.php?rest_route=\/wp\/v2\/pages\/119\/revisions"}],"predecessor-version":[{"id":178,"href":"https:\/\/prolabo.com.mx\/index.php?rest_route=\/wp\/v2\/pages\/119\/revisions\/178"}],"wp:attachment":[{"href":"https:\/\/prolabo.com.mx\/index.php?rest_route=%2Fwp%2Fv2%2Fmedia&parent=119"}],"curies":[{"name":"wp","href":"https:\/\/api.w.org\/{rel}","templated":true}]}}