{"id":8,"date":"2025-01-03T18:14:25","date_gmt":"2025-01-03T18:14:25","guid":{"rendered":"https:\/\/prolabo.com.mx\/?page_id=8"},"modified":"2025-01-15T19:58:40","modified_gmt":"2025-01-15T19:58:40","slug":"acerca-de","status":"publish","type":"page","link":"https:\/\/prolabo.com.mx\/?page_id=8","title":{"rendered":"Acerca de"},"content":{"rendered":"\n<div class=\"wp-block-cover alignfull\" style=\"min-height:320px;aspect-ratio:unset;\"><span aria-hidden=\"true\" class=\"wp-block-cover__background has-nv-site-bg-background-color has-background-dim-100 has-background-dim\"><\/span><div class=\"wp-block-cover__inner-container is-layout-flow wp-block-cover-is-layout-flow\">\n<div class=\"wp-block-group\" style=\"padding-right:var(--wp--preset--spacing--30);padding-left:var(--wp--preset--spacing--30)\"><div class=\"wp-block-group__inner-container is-layout-flow wp-block-group-is-layout-flow\">\n<h1 class=\"wp-block-heading has-text-align-left has-neve-text-color-color has-text-color\">Acerca de nosotros<\/h1>\n<\/div><\/div>\n<\/div><\/div>\n\n\n\n<div class=\"wp-block-cover alignfull\" style=\"min-height:600px;aspect-ratio:unset;\"><span aria-hidden=\"true\" class=\"wp-block-cover__background has-nv-light-bg-background-color has-background-dim-100 has-background-dim\"><\/span><div class=\"wp-block-cover__inner-container is-layout-flow wp-block-cover-is-layout-flow\">\n<div class=\"wp-block-group\"><div class=\"wp-block-group__inner-container is-layout-flow wp-block-group-is-layout-flow\">\n<div style=\"height:80px\" aria-hidden=\"true\" class=\"wp-block-spacer\"><\/div>\n\n\n\n<div class=\"wp-block-columns are-vertically-aligned-center has-neve-text-color-color has-text-color is-layout-flex wp-container-core-columns-is-layout-9d6595d7 wp-block-columns-is-layout-flex\">\n<div class=\"wp-block-column is-vertically-aligned-center is-layout-flow wp-block-column-is-layout-flow\" style=\"padding-right:var(--wp--preset--spacing--30);padding-left:var(--wp--preset--spacing--30);flex-basis:50%\">\n<figure class=\"wp-block-image size-full has-custom-border\"><img loading=\"lazy\" decoding=\"async\" width=\"1020\" height=\"1458\" src=\"https:\/\/prolabo.com.mx\/wp-content\/uploads\/2025\/01\/Diseno-sin-titulo-32-1.png\" alt=\"\" class=\"wp-image-60\" style=\"border-radius:16px\" srcset=\"https:\/\/prolabo.com.mx\/wp-content\/uploads\/2025\/01\/Diseno-sin-titulo-32-1.png 1020w, https:\/\/prolabo.com.mx\/wp-content\/uploads\/2025\/01\/Diseno-sin-titulo-32-1-210x300.png 210w, https:\/\/prolabo.com.mx\/wp-content\/uploads\/2025\/01\/Diseno-sin-titulo-32-1-716x1024.png 716w, https:\/\/prolabo.com.mx\/wp-content\/uploads\/2025\/01\/Diseno-sin-titulo-32-1-768x1098.png 768w\" sizes=\"auto, (max-width: 1020px) 100vw, 1020px\" \/><\/figure>\n<\/div>\n\n\n\n<div class=\"wp-block-column is-vertically-aligned-center is-layout-flow wp-block-column-is-layout-flow\" style=\"padding-top:0;padding-right:var(--wp--preset--spacing--30);padding-bottom:0;padding-left:var(--wp--preset--spacing--30);flex-basis:50%\">\n<h2 class=\"wp-block-heading has-neve-text-color-color has-text-color\">Nuestra historia<\/h2>\n\n\n\n<p class=\"has-neve-text-color-color has-text-color\">PROLABO, es una empresa mexicana, conformada por un equipo de trabajo especializado y comprometido. Con capacidad y experiencia en el suministro, comercializaci\u00f3n y distribuci\u00f3n de reactivos qu\u00edmicos, materiales y equipos para todo tipo de laboratorios, cubriendo a todo el territorio nacional.<\/p>\n\n\n\n<p class=\"has-neve-text-color-color has-text-color\"><strong>Misi\u00f3n<\/strong><\/p>\n\n\n\n<p class=\"has-neve-text-color-color has-text-color\">Ser una empresa comprometida con nuestros clientes, satisfacer las necesidades de cl\u00ednicos, hospitales y particulares, adem\u00e1s de laboratorios de investigaci\u00f3n e industria. Nuestra meta es ser l\u00edderes en el mercado a trav\u00e9s de la implementaci\u00f3n de mejores sistemas de servicio, administraci\u00f3n, comunicaci\u00f3n y calidad, proporcionando un alto valor agregado en todos nuestros productos.<\/p>\n\n\n\n<p><strong>Visi\u00f3n<\/strong><\/p>\n\n\n\n<p>Ser el proveedor m\u00e1s competitivo de qu\u00edmicos e insumos para laboratorio de investigaci\u00f3n e industria, as\u00ed como ser una empresa socialmente responsable y con alto sentido de responsabilidad humano.<\/p>\n<\/div>\n<\/div>\n\n\n\n<div style=\"height:40px\" aria-hidden=\"true\" class=\"wp-block-spacer\"><\/div>\n<\/div><\/div>\n\n\n\n<figure class=\"wp-block-image size-large\"><img loading=\"lazy\" decoding=\"async\" width=\"1024\" height=\"576\" src=\"https:\/\/prolabo.com.mx\/wp-content\/uploads\/2025\/01\/3-1-1024x576.png\" alt=\"\" class=\"wp-image-61\" srcset=\"https:\/\/prolabo.com.mx\/wp-content\/uploads\/2025\/01\/3-1-1024x576.png 1024w, https:\/\/prolabo.com.mx\/wp-content\/uploads\/2025\/01\/3-1-300x169.png 300w, https:\/\/prolabo.com.mx\/wp-content\/uploads\/2025\/01\/3-1-768x432.png 768w, https:\/\/prolabo.com.mx\/wp-content\/uploads\/2025\/01\/3-1-1536x864.png 1536w, https:\/\/prolabo.com.mx\/wp-content\/uploads\/2025\/01\/3-1.png 1920w\" sizes=\"auto, (max-width: 1024px) 100vw, 1024px\" \/><\/figure>\n\n\n\n<figure class=\"wp-block-image size-large is-resized\"><img loading=\"lazy\" decoding=\"async\" width=\"1024\" height=\"576\" src=\"https:\/\/prolabo.com.mx\/wp-content\/uploads\/2025\/01\/5-1-1024x576.png\" alt=\"\" class=\"wp-image-62\" style=\"width:1099px;height:auto\" srcset=\"https:\/\/prolabo.com.mx\/wp-content\/uploads\/2025\/01\/5-1-1024x576.png 1024w, https:\/\/prolabo.com.mx\/wp-content\/uploads\/2025\/01\/5-1-300x169.png 300w, https:\/\/prolabo.com.mx\/wp-content\/uploads\/2025\/01\/5-1-768x432.png 768w, https:\/\/prolabo.com.mx\/wp-content\/uploads\/2025\/01\/5-1-1536x864.png 1536w, https:\/\/prolabo.com.mx\/wp-content\/uploads\/2025\/01\/5-1.png 1920w\" sizes=\"auto, (max-width: 1024px) 100vw, 1024px\" \/><\/figure>\n\n\n\n<div class=\"wp-block-columns is-layout-flex wp-container-core-columns-is-layout-9d6595d7 wp-block-columns-is-layout-flex\">\n<div class=\"wp-block-column is-layout-flow wp-block-column-is-layout-flow\"><\/div>\n\n\n\n<div class=\"wp-block-column is-layout-flow wp-block-column-is-layout-flow\"><\/div>\n\n\n\n<div class=\"wp-block-column is-layout-flow wp-block-column-is-layout-flow\"><\/div>\n<\/div>\n<\/div><\/div>\n\n\n\n<div class=\"wp-block-cover alignfull\" style=\"min-height:600px;aspect-ratio:unset;\"><span aria-hidden=\"true\" class=\"wp-block-cover__background has-nv-dark-bg-background-color has-background-dim-100 has-background-dim\"><\/span><div class=\"wp-block-cover__inner-container is-layout-flow wp-block-cover-is-layout-flow\">\n<div class=\"wp-block-group\"><div class=\"wp-block-group__inner-container is-layout-flow wp-block-group-is-layout-flow\">\n<div style=\"height:80px\" aria-hidden=\"true\" class=\"wp-block-spacer\"><\/div>\n\n\n\n<div class=\"wp-block-columns are-vertically-aligned-center is-layout-flex wp-container-core-columns-is-layout-9d6595d7 wp-block-columns-is-layout-flex\">\n<div class=\"wp-block-column is-vertically-aligned-center is-layout-flow wp-block-column-is-layout-flow\" style=\"padding-right:var(--wp--preset--spacing--30);padding-left:var(--wp--preset--spacing--30);flex-basis:50%\">\n<h2 class=\"wp-block-heading has-nv-text-dark-bg-color has-text-color\">Bienvenidos a Prolabo<\/h2>\n\n\n\n<p class=\"has-nv-text-dark-bg-color has-text-color\">En&nbsp;<strong>Prolabo<\/strong>, nos especializamos en la venta de implementos esenciales para los sectores m\u00e9dico, minero y agr\u00edcola. Nuestra misi\u00f3n es ofrecer productos de alta calidad que impulsen la eficiencia y seguridad en cada industria que servimos.<\/p>\n\n\n\n<div style=\"height:20px\" aria-hidden=\"true\" class=\"wp-block-spacer\"><\/div>\n\n\n\n<div class=\"wp-block-buttons has-custom-font-size has-small-font-size is-content-justification-left is-layout-flex wp-container-core-buttons-is-layout-fdcfc74e wp-block-buttons-is-layout-flex\">\n<div class=\"wp-block-button has-custom-font-size is-style-default\" style=\"font-size:16px\"><a class=\"wp-block-button__link has-nv-text-dark-bg-color has-neve-link-color-background-color has-text-color has-background has-link-color wp-element-button\" href=\"https:\/\/prolabo.com.mx\/?page_id=9\">Cont\u00e1ctanos<\/a><\/div>\n<\/div>\n\n\n\n<div style=\"height:20px\" aria-hidden=\"true\" class=\"wp-block-spacer\"><\/div>\n<\/div>\n\n\n\n<div class=\"wp-block-column is-vertically-aligned-center is-layout-flow wp-block-column-is-layout-flow\" style=\"padding-right:var(--wp--preset--spacing--30);padding-left:var(--wp--preset--spacing--30);flex-basis:50%\">\n<figure class=\"wp-block-image size-full has-custom-border\"><img loading=\"lazy\" decoding=\"async\" width=\"2000\" height=\"1333\" src=\"https:\/\/prolabo.com.mx\/wp-content\/uploads\/2025\/01\/lonely-male-hiking-mountains-cage-covered-with-snow-daytime.jpg\" alt=\"\" class=\"wp-image-72\" style=\"border-radius:16px\" srcset=\"https:\/\/prolabo.com.mx\/wp-content\/uploads\/2025\/01\/lonely-male-hiking-mountains-cage-covered-with-snow-daytime.jpg 2000w, https:\/\/prolabo.com.mx\/wp-content\/uploads\/2025\/01\/lonely-male-hiking-mountains-cage-covered-with-snow-daytime-300x200.jpg 300w, https:\/\/prolabo.com.mx\/wp-content\/uploads\/2025\/01\/lonely-male-hiking-mountains-cage-covered-with-snow-daytime-1024x682.jpg 1024w, https:\/\/prolabo.com.mx\/wp-content\/uploads\/2025\/01\/lonely-male-hiking-mountains-cage-covered-with-snow-daytime-768x512.jpg 768w, https:\/\/prolabo.com.mx\/wp-content\/uploads\/2025\/01\/lonely-male-hiking-mountains-cage-covered-with-snow-daytime-1536x1024.jpg 1536w, https:\/\/prolabo.com.mx\/wp-content\/uploads\/2025\/01\/lonely-male-hiking-mountains-cage-covered-with-snow-daytime-930x620.jpg 930w\" sizes=\"auto, (max-width: 2000px) 100vw, 2000px\" \/><\/figure>\n<\/div>\n<\/div>\n\n\n\n<div style=\"height:40px\" aria-hidden=\"true\" class=\"wp-block-spacer\"><\/div>\n<\/div><\/div>\n<\/div><\/div>\n\n\n\n<div class=\"wp-block-cover alignfull\" style=\"min-height:420px;aspect-ratio:unset;\"><span aria-hidden=\"true\" class=\"wp-block-cover__background has-nv-site-bg-background-color has-background-dim-100 has-background-dim\"><\/span><div class=\"wp-block-cover__inner-container is-layout-flow wp-block-cover-is-layout-flow\">\n<div style=\"height:80px\" aria-hidden=\"true\" class=\"wp-block-spacer\"><\/div>\n\n\n\n<div class=\"wp-block-columns is-layout-flex wp-container-core-columns-is-layout-9d6595d7 wp-block-columns-is-layout-flex\">\n<div class=\"wp-block-column ticss-4ce656f1 is-layout-flow wp-block-column-is-layout-flow\" style=\"padding-right:var(--wp--preset--spacing--30);padding-left:var(--wp--preset--spacing--30)\">\n<figure class=\"wp-block-image size-full icon-style is-style-default\"><img decoding=\"async\" src=\"https:\/\/prolabo.com.mx\/wp-content\/themes\/neve\/assets\/img\/starter-content\/neve-marketing-icon-1.png\" alt=\"\"\/><\/figure>\n\n\n\n<div style=\"height:24px\" aria-hidden=\"true\" class=\"wp-block-spacer\"><\/div>\n\n\n\n<h3 class=\"wp-block-heading has-text-align-left has-text-align-center has-neve-text-color-color has-text-color\">Atenci\u00f3n personalizada<\/h3>\n\n\n\n<p class=\"has-text-align-left has-neve-text-color-color has-text-color\">Nos comprometemos a ofrecer un servicio al cliente excepcional, brindando asesor\u00eda y soporte en cada etapa de su compra.<\/p>\n\n\n\n<div style=\"height:20px\" aria-hidden=\"true\" class=\"wp-block-spacer\"><\/div>\n<\/div>\n\n\n\n<div class=\"wp-block-column ticss-f6fc7494 is-layout-flow wp-block-column-is-layout-flow\" style=\"padding-right:var(--wp--preset--spacing--30);padding-left:var(--wp--preset--spacing--30)\">\n<figure class=\"wp-block-image size-full icon-style is-style-default\"><img decoding=\"async\" src=\"https:\/\/prolabo.com.mx\/wp-content\/themes\/neve\/assets\/img\/starter-content\/neve-marketing-icon-2.png\" alt=\"\"\/><\/figure>\n\n\n\n<div style=\"height:24px\" aria-hidden=\"true\" class=\"wp-block-spacer\"><\/div>\n\n\n\n<h3 class=\"wp-block-heading has-text-align-left has-text-align-center has-neve-text-color-color has-text-color\">Calidad garantizada<\/h3>\n\n\n\n<p class=\"has-text-align-left has-neve-text-color-color has-text-color\">Todos nuestros productos son seleccionados cuidadosamente para cumplir con los est\u00e1ndares m\u00e1s rigurosos de calidad.<\/p>\n\n\n\n<div style=\"height:20px\" aria-hidden=\"true\" class=\"wp-block-spacer\"><\/div>\n<\/div>\n\n\n\n<div class=\"wp-block-column ticss-a5b4df29 is-layout-flow wp-block-column-is-layout-flow\" style=\"padding-right:var(--wp--preset--spacing--30);padding-left:var(--wp--preset--spacing--30)\">\n<figure class=\"wp-block-image size-full icon-style is-style-default\"><img decoding=\"async\" src=\"https:\/\/prolabo.com.mx\/wp-content\/themes\/neve\/assets\/img\/starter-content\/neve-marketing-icon-3.1.png\" alt=\"\"\/><\/figure>\n\n\n\n<div style=\"height:24px\" aria-hidden=\"true\" class=\"wp-block-spacer\"><\/div>\n\n\n\n<h3 class=\"wp-block-heading has-text-align-left has-text-align-center has-neve-text-color-color has-text-color\">Innovaci\u00f3n continua<\/h3>\n\n\n\n<p class=\"has-text-align-left has-neve-text-color-color has-text-color\">Nos mantenemos a la vanguardia de las \u00faltimas tecnolog\u00edas y tendencias para ofrecer siempre lo mejor a nuestros clientes.<\/p>\n\n\n\n<div style=\"height:20px\" aria-hidden=\"true\" class=\"wp-block-spacer\"><\/div>\n<\/div>\n<\/div>\n\n\n\n<div style=\"height:30px\" aria-hidden=\"true\" class=\"wp-block-spacer\"><\/div>\n<\/div><\/div>\n","protected":false},"excerpt":{"rendered":"","protected":false},"author":1,"featured_media":0,"parent":0,"menu_order":0,"comment_status":"closed","ping_status":"closed","template":"","meta":{"neve_meta_sidebar":"","neve_meta_container":"","neve_meta_enable_content_width":"on","neve_meta_content_width":100,"neve_meta_title_alignment":"","neve_meta_author_avatar":"","neve_post_elements_order":"","neve_meta_disable_header":"","neve_meta_disable_footer":"","neve_meta_disable_title":"on","footnotes":""},"class_list":["post-8","page","type-page","status-publish","hentry"],"_links":{"self":[{"href":"https:\/\/prolabo.com.mx\/index.php?rest_route=\/wp\/v2\/pages\/8","targetHints":{"allow":["GET"]}}],"collection":[{"href":"https:\/\/prolabo.com.mx\/index.php?rest_route=\/wp\/v2\/pages"}],"about":[{"href":"https:\/\/prolabo.com.mx\/index.php?rest_route=\/wp\/v2\/types\/page"}],"author":[{"embeddable":true,"href":"https:\/\/prolabo.com.mx\/index.php?rest_route=\/wp\/v2\/users\/1"}],"replies":[{"embeddable":true,"href":"https:\/\/prolabo.com.mx\/index.php?rest_route=%2Fwp%2Fv2%2Fcomments&post=8"}],"version-history":[{"count":9,"href":"https:\/\/prolabo.com.mx\/index.php?rest_route=\/wp\/v2\/pages\/8\/revisions"}],"predecessor-version":[{"id":198,"href":"https:\/\/prolabo.com.mx\/index.php?rest_route=\/wp\/v2\/pages\/8\/revisions\/198"}],"wp:attachment":[{"href":"https:\/\/prolabo.com.mx\/index.php?rest_route=%2Fwp%2Fv2%2Fmedia&parent=8"}],"curies":[{"name":"wp","href":"https:\/\/api.w.org\/{rel}","templated":true}]}}